{"id":886,"date":"2023-03-29T03:01:10","date_gmt":"2023-03-29T01:01:10","guid":{"rendered":"https:\/\/misssonya.com\/?page_id=886"},"modified":"2023-05-03T16:04:51","modified_gmt":"2023-05-03T14:04:51","slug":"jugendschutz","status":"publish","type":"page","link":"https:\/\/misssonya.com\/en\/jugendschutz","title":{"rendered":"protection of minors"},"content":{"rendered":"<div data-elementor-type=\"wp-page\" data-elementor-id=\"886\" class=\"elementor elementor-886\" data-elementor-post-type=\"page\">\n\t\t\t\t<div class=\"elementor-element elementor-element-fe225f0 e-flex e-con-boxed e-con e-parent\" data-id=\"fe225f0\" data-element_type=\"container\" data-settings=\"{&quot;background_background&quot;:&quot;classic&quot;}\">\n\t\t\t\t\t<div class=\"e-con-inner\">\n\t\t\t\t<div class=\"elementor-element elementor-element-382601d elementor-widget__width-inherit elementor-widget elementor-widget-heading\" data-id=\"382601d\" data-element_type=\"widget\" data-widget_type=\"heading.default\">\n\t\t\t\t<div class=\"elementor-widget-container\">\n\t\t\t<h2 class=\"elementor-heading-title elementor-size-default\">protection of minors<\/h2>\t\t<\/div>\n\t\t\t\t<\/div>\n\t\t\t\t<div class=\"elementor-element elementor-element-b809bc7 elementor-widget__width-inherit elementor-widget elementor-widget-heading\" data-id=\"b809bc7\" data-element_type=\"widget\" data-widget_type=\"heading.default\">\n\t\t\t\t<div class=\"elementor-widget-container\">\n\t\t\t<h2 class=\"elementor-heading-title elementor-size-default\">youth protection officer<\/h2>\t\t<\/div>\n\t\t\t\t<\/div>\n\t\t\t\t<div class=\"elementor-element elementor-element-7ef6137 elementor-widget__width-inherit elementor-widget elementor-widget-text-editor\" data-id=\"7ef6137\" data-element_type=\"widget\" data-widget_type=\"text-editor.default\">\n\t\t\t\t<div class=\"elementor-widget-container\">\n\t\t\t\t\t\t\t<p>Alexander Mueller<\/p><p>Southwest Park 67<br \/>90449 Nuremberg<\/p><p>Fast electronic contact <br \/>above<br \/>jsb@misssonya.com<\/p>\t\t\t\t\t\t<\/div>\n\t\t\t\t<\/div>\n\t\t\t\t<div class=\"elementor-element elementor-element-b029b5f elementor-widget__width-inherit elementor-widget elementor-widget-heading\" data-id=\"b029b5f\" data-element_type=\"widget\" data-widget_type=\"heading.default\">\n\t\t\t\t<div class=\"elementor-widget-container\">\n\t\t\t<h2 class=\"elementor-heading-title elementor-size-default\">Parental control label<\/h2>\t\t<\/div>\n\t\t\t\t<\/div>\n\t\t\t\t<div class=\"elementor-element elementor-element-102ee09 elementor-widget__width-inherit elementor-widget elementor-widget-text-editor\" data-id=\"102ee09\" data-element_type=\"widget\" data-widget_type=\"text-editor.default\">\n\t\t\t\t<div class=\"elementor-widget-container\">\n\t\t\t\t\t\t\t<p>This site uses the youth protection label from JUSPROG.<\/p><p>\u201cIn Germany and Europe there is a technical standard for a youth protection label for the age classification of websites. The label age.xml \/age-de.xml is officially established in Germany by the criteria for youth protection programs of the Commission for Youth Media Protection (KJM). It makes sense to integrate the label, JusProg has already integrated the age.xml and age-de.xml label into its filter software.<\/p><p>Many large and small website operators have already installed an age-de.xml label, including almost all private TV providers from RTL to Pro7 and Sky, many game portals, Youtube, bild.de, spiegel.tv, to name just a few of many to name examples, and also almost all state media authorities as well as various other state websites and all self-regulatory institutions.<\/p><p>In Germany, the age-de.xml label is mandatory according to \u00a7 11 JMStV for website operators who want to protect minors from the content of their website. The file age.xml applies internationally.\u201d<\/p><p>For more information https:\/\/age-label.com\/parents\/ <br \/>For Germany more information at https:\/\/jugendschutzprogramm.de\/<\/p>\t\t\t\t\t\t<\/div>\n\t\t\t\t<\/div>\n\t\t\t\t\t<\/div>\n\t\t\t\t<\/div>\n\t\t\t\t<\/div>","protected":false},"excerpt":{"rendered":"<p>Jugendschutz Jugendschutz-beauftragter Alexander M\u00fcller S\u00fcdwestpark 6790449 N\u00fcrnberg Schneller elektronischer Kontakt \u00fcberjsb@misssonya.com Jugendschutz-Label Diese Seite verwendet das Jugendschutzlabel von JUSPROG. &#8222;In Deutschland und Europa gibt es einen technischen Standard f\u00fcr ein Jugendschutzlabel zur Altersklassifizierung von Websites. Das Label age.xml \/age-de.xml ist in Deutschland durch die Kriterien f\u00fcr Jugendschutzprogramme der Kommission f\u00fcr Jugendmedienschutz (KJM) offiziell etabliert. Es [&hellip;]<\/p>\n","protected":false},"author":1,"featured_media":0,"parent":0,"menu_order":0,"comment_status":"closed","ping_status":"closed","template":"elementor_header_footer","meta":{"footnotes":""},"class_list":["post-886","page","type-page","status-publish","hentry"],"_links":{"self":[{"href":"https:\/\/misssonya.com\/en\/wp-json\/wp\/v2\/pages\/886","targetHints":{"allow":["GET"]}}],"collection":[{"href":"https:\/\/misssonya.com\/en\/wp-json\/wp\/v2\/pages"}],"about":[{"href":"https:\/\/misssonya.com\/en\/wp-json\/wp\/v2\/types\/page"}],"author":[{"embeddable":true,"href":"https:\/\/misssonya.com\/en\/wp-json\/wp\/v2\/users\/1"}],"replies":[{"embeddable":true,"href":"https:\/\/misssonya.com\/en\/wp-json\/wp\/v2\/comments?post=886"}],"version-history":[{"count":3,"href":"https:\/\/misssonya.com\/en\/wp-json\/wp\/v2\/pages\/886\/revisions"}],"predecessor-version":[{"id":1068,"href":"https:\/\/misssonya.com\/en\/wp-json\/wp\/v2\/pages\/886\/revisions\/1068"}],"wp:attachment":[{"href":"https:\/\/misssonya.com\/en\/wp-json\/wp\/v2\/media?parent=886"}],"curies":[{"name":"wp","href":"https:\/\/api.w.org\/{rel}","templated":true}]}}