{"id":566,"date":"2023-03-29T00:37:10","date_gmt":"2023-03-28T22:37:10","guid":{"rendered":"https:\/\/misssonya.com\/?page_id=566"},"modified":"2026-04-30T16:07:36","modified_gmt":"2026-04-30T14:07:36","slug":"termine","status":"publish","type":"page","link":"https:\/\/misssonya.com\/en\/termine","title":{"rendered":"Events"},"content":{"rendered":"<div data-elementor-type=\"wp-page\" data-elementor-id=\"566\" class=\"elementor elementor-566\" data-elementor-post-type=\"page\">\n\t\t\t\t<div class=\"elementor-element elementor-element-16f89fd e-con-full e-flex e-con e-parent\" data-id=\"16f89fd\" data-element_type=\"container\" data-settings=\"{&quot;background_background&quot;:&quot;classic&quot;}\">\n\t\t\t\t<div class=\"elementor-element elementor-element-5ca4871 elementor-widget__width-inherit elementor-widget elementor-widget-heading\" data-id=\"5ca4871\" data-element_type=\"widget\" data-widget_type=\"heading.default\">\n\t\t\t\t<div class=\"elementor-widget-container\">\n\t\t\t<h1 class=\"elementor-heading-title elementor-size-default\">studio appointments<\/h1>\t\t<\/div>\n\t\t\t\t<\/div>\n\t\t\t\t<div class=\"elementor-element elementor-element-371096b elementor-widget__width-inherit elementor-widget elementor-widget-heading\" data-id=\"371096b\" data-element_type=\"widget\" data-widget_type=\"heading.default\">\n\t\t\t\t<div class=\"elementor-widget-container\">\n\t\t\t<h2 class=\"elementor-heading-title elementor-size-default\">2026<\/h2>\t\t<\/div>\n\t\t\t\t<\/div>\n\t\t\t\t<div class=\"elementor-element elementor-element-54cc9d3 elementor-widget__width-inherit elementor-widget elementor-widget-heading\" data-id=\"54cc9d3\" data-element_type=\"widget\" data-widget_type=\"heading.default\">\n\t\t\t\t<div class=\"elementor-widget-container\">\n\t\t\t<h3 class=\"elementor-heading-title elementor-size-default\">May<\/h3>\t\t<\/div>\n\t\t\t\t<\/div>\n\t\t\t\t<div class=\"elementor-element elementor-element-53b83b9 elementor-widget elementor-widget-heading\" data-id=\"53b83b9\" data-element_type=\"widget\" data-widget_type=\"heading.default\">\n\t\t\t\t<div class=\"elementor-widget-container\">\n\t\t\t<div class=\"elementor-heading-title elementor-size-default\">04.05. - 10.05.  <b>Munich<\/b>, Studio Elegance, Apartment Black<\/div>\t\t<\/div>\n\t\t\t\t<\/div>\n\t\t\t\t<div class=\"elementor-element elementor-element-d69dfdb elementor-widget elementor-widget-heading\" data-id=\"d69dfdb\" data-element_type=\"widget\" data-widget_type=\"heading.default\">\n\t\t\t\t<div class=\"elementor-widget-container\">\n\t\t\t<div class=\"elementor-heading-title elementor-size-default\">13.05. - 16.05. <b>Mannheim<\/b>, Villa Infinity Poison<\/div>\t\t<\/div>\n\t\t\t\t<\/div>\n\t\t\t\t<div class=\"elementor-element elementor-element-07334ae elementor-widget elementor-widget-heading\" data-id=\"07334ae\" data-element_type=\"widget\" data-widget_type=\"heading.default\">\n\t\t\t\t<div class=\"elementor-widget-container\">\n\t\t\t<div class=\"elementor-heading-title elementor-size-default\">21.05. - 25.05.  <b>Munich<\/b>, Studio Elegance, Apartment Red<\/div>\t\t<\/div>\n\t\t\t\t<\/div>\n\t\t\t\t<div class=\"elementor-element elementor-element-50552ca elementor-widget elementor-widget-heading\" data-id=\"50552ca\" data-element_type=\"widget\" data-widget_type=\"heading.default\">\n\t\t\t\t<div class=\"elementor-widget-container\">\n\t\t\t<div class=\"elementor-heading-title elementor-size-default\">28.05., <b>Munich<\/b>, Studio Elegance, Penthouse<\/div>\t\t<\/div>\n\t\t\t\t<\/div>\n\t\t\t\t<div class=\"elementor-element elementor-element-4715863 elementor-widget__width-inherit elementor-widget elementor-widget-heading\" data-id=\"4715863\" data-element_type=\"widget\" data-widget_type=\"heading.default\">\n\t\t\t\t<div class=\"elementor-widget-container\">\n\t\t\t<h3 class=\"elementor-heading-title elementor-size-default\">June<\/h3>\t\t<\/div>\n\t\t\t\t<\/div>\n\t\t\t\t<div class=\"elementor-element elementor-element-3e4f777 elementor-widget elementor-widget-heading\" data-id=\"3e4f777\" data-element_type=\"widget\" data-widget_type=\"heading.default\">\n\t\t\t\t<div class=\"elementor-widget-container\">\n\t\t\t<div class=\"elementor-heading-title elementor-size-default\">01.06. - 07.06.  <b>Munich<\/b>, Studio Elegance, Apartment Gold<\/div>\t\t<\/div>\n\t\t\t\t<\/div>\n\t\t\t\t<div class=\"elementor-element elementor-element-c2ea5bd elementor-widget elementor-widget-heading\" data-id=\"c2ea5bd\" data-element_type=\"widget\" data-widget_type=\"heading.default\">\n\t\t\t\t<div class=\"elementor-widget-container\">\n\t\t\t<div class=\"elementor-heading-title elementor-size-default\">18.06. - 20.06. <b>Mannheim<\/b>, Villa Infinity Poison<\/div>\t\t<\/div>\n\t\t\t\t<\/div>\n\t\t\t\t<div class=\"elementor-element elementor-element-8195820 elementor-widget elementor-widget-heading\" data-id=\"8195820\" data-element_type=\"widget\" data-widget_type=\"heading.default\">\n\t\t\t\t<div class=\"elementor-widget-container\">\n\t\t\t<div class=\"elementor-heading-title elementor-size-default\">29.06. - 30.06.  <b>Munich<\/b>, Studio Elegance, Apartment Silver<\/div>\t\t<\/div>\n\t\t\t\t<\/div>\n\t\t\t\t<div class=\"elementor-element elementor-element-8487510 elementor-widget__width-inherit elementor-widget elementor-widget-heading\" data-id=\"8487510\" data-element_type=\"widget\" data-widget_type=\"heading.default\">\n\t\t\t\t<div class=\"elementor-widget-container\">\n\t\t\t<h3 class=\"elementor-heading-title elementor-size-default\">July<\/h3>\t\t<\/div>\n\t\t\t\t<\/div>\n\t\t\t\t<div class=\"elementor-element elementor-element-b2ab7c5 elementor-widget elementor-widget-heading\" data-id=\"b2ab7c5\" data-element_type=\"widget\" data-widget_type=\"heading.default\">\n\t\t\t\t<div class=\"elementor-widget-container\">\n\t\t\t<div class=\"elementor-heading-title elementor-size-default\">01.07. - 05.07.  <b>Munich<\/b>, Studio Elegance, Apartment Silver<\/div>\t\t<\/div>\n\t\t\t\t<\/div>\n\t\t\t\t<div class=\"elementor-element elementor-element-8e0ec20 elementor-widget elementor-widget-heading\" data-id=\"8e0ec20\" data-element_type=\"widget\" data-widget_type=\"heading.default\">\n\t\t\t\t<div class=\"elementor-widget-container\">\n\t\t\t<div class=\"elementor-heading-title elementor-size-default\"><b>Munich<\/b> Sessions available upon request, also on other days<br><br>\n<b>Domina Escort<\/b>: Munich, Worldwide<\/div>\t\t<\/div>\n\t\t\t\t<\/div>\n\t\t\t\t<div class=\"elementor-element elementor-element-02b5e42 elementor-align-center elementor-widget elementor-widget-button\" data-id=\"02b5e42\" data-element_type=\"widget\" data-widget_type=\"button.default\">\n\t\t\t\t<div class=\"elementor-widget-container\">\n\t\t\t\t\t<div class=\"elementor-button-wrapper\">\n\t\t\t<a class=\"elementor-button elementor-button-link elementor-size-sm\" href=\"mailto:bizarrladysonya@gmail.com?subject=Anfrage%20\u00fcber%20misssonya.com&#038;title=Eine%20E-Mail%20an%20Bizarrlady%20Sonya%20schreiben%20\">\n\t\t\t\t\t\t<span class=\"elementor-button-content-wrapper\">\n\t\t\t\t\t\t\t\t\t<span class=\"elementor-button-text\">Send appointment request<\/span>\n\t\t\t\t\t<\/span>\n\t\t\t\t\t<\/a>\n\t\t<\/div>\n\t\t\t\t<\/div>\n\t\t\t\t<\/div>\n\t\t\t\t<\/div>\n\t\t\t\t<\/div>","protected":false},"excerpt":{"rendered":"<p>Studio Termine 2026 Mai 04.05. &#8211; 10.05. M\u00fcnchen, Studio Elegance, Apartment Schwarz 13.05. &#8211; 16.05. Mannheim, Villa Infinity Poison 21.05. &#8211; 25.05. M\u00fcnchen, Studio Elegance, Apartment Rot 28.05., M\u00fcnchen, Studio Elegance, Penthouse Juni 01.06. &#8211; 07.06. M\u00fcnchen, Studio Elegance, Apartment Gold 18.06. &#8211; 20.06. Mannheim, Villa Infinity Poison 29.06. &#8211; 30.06. M\u00fcnchen, Studio Elegance, Apartment [&hellip;]<\/p>\n","protected":false},"author":1,"featured_media":0,"parent":0,"menu_order":0,"comment_status":"closed","ping_status":"closed","template":"elementor_header_footer","meta":{"footnotes":""},"class_list":["post-566","page","type-page","status-publish","hentry"],"_links":{"self":[{"href":"https:\/\/misssonya.com\/en\/wp-json\/wp\/v2\/pages\/566","targetHints":{"allow":["GET"]}}],"collection":[{"href":"https:\/\/misssonya.com\/en\/wp-json\/wp\/v2\/pages"}],"about":[{"href":"https:\/\/misssonya.com\/en\/wp-json\/wp\/v2\/types\/page"}],"author":[{"embeddable":true,"href":"https:\/\/misssonya.com\/en\/wp-json\/wp\/v2\/users\/1"}],"replies":[{"embeddable":true,"href":"https:\/\/misssonya.com\/en\/wp-json\/wp\/v2\/comments?post=566"}],"version-history":[{"count":1277,"href":"https:\/\/misssonya.com\/en\/wp-json\/wp\/v2\/pages\/566\/revisions"}],"predecessor-version":[{"id":3544,"href":"https:\/\/misssonya.com\/en\/wp-json\/wp\/v2\/pages\/566\/revisions\/3544"}],"wp:attachment":[{"href":"https:\/\/misssonya.com\/en\/wp-json\/wp\/v2\/media?parent=566"}],"curies":[{"name":"wp","href":"https:\/\/api.w.org\/{rel}","templated":true}]}}