{"id":530,"date":"2023-03-29T00:22:29","date_gmt":"2023-03-28T22:22:29","guid":{"rendered":"https:\/\/misssonya.com\/?page_id=530"},"modified":"2025-08-14T13:28:29","modified_gmt":"2025-08-14T11:28:29","slug":"partners","status":"publish","type":"page","link":"https:\/\/misssonya.com\/en\/partners","title":{"rendered":"partners"},"content":{"rendered":"<div data-elementor-type=\"wp-page\" data-elementor-id=\"530\" class=\"elementor elementor-530\" data-elementor-post-type=\"page\">\n\t\t\t\t<div class=\"elementor-element elementor-element-2f5a7dd e-flex e-con-boxed e-con e-parent\" data-id=\"2f5a7dd\" data-element_type=\"container\" data-settings=\"{&quot;background_background&quot;:&quot;classic&quot;}\">\n\t\t\t\t\t<div class=\"e-con-inner\">\n\t\t\t\t<div class=\"elementor-element elementor-element-9998523 elementor-widget__width-inherit elementor-widget elementor-widget-heading\" data-id=\"9998523\" data-element_type=\"widget\" data-widget_type=\"heading.default\">\n\t\t\t\t<div class=\"elementor-widget-container\">\n\t\t\t<h2 class=\"elementor-heading-title elementor-size-default\">partners<\/h2>\t\t<\/div>\n\t\t\t\t<\/div>\n\t\t\t\t<div class=\"elementor-element elementor-element-6af9d5f elementor-widget__width-initial elementor-widget elementor-widget-html\" data-id=\"6af9d5f\" data-element_type=\"widget\" data-widget_type=\"html.default\">\n\t\t\t\t<div class=\"elementor-widget-container\">\n\t\t\t<a href =\"https:\/\/www.domina.ws\" target=\"_blank\" title=\"Link to DOMINA.WS - Dominatrix guide for Germany, Austria and Switzerland\">\r\n<img decoding=\"async\" src=\"https:\/\/www.domina.ws\/_main\/gfx\/banner01.gif\" alt=\"DOMINA.WS - Dominaf\u00fchrer f\u00fcr Deutschland, \u00d6sterreich und die Schweiz\"\/><\/a>\t\t<\/div>\n\t\t\t\t<\/div>\n\t\t\t\t<div class=\"elementor-element elementor-element-fde0f11 elementor-widget__width-initial elementor-widget elementor-widget-html\" data-id=\"fde0f11\" data-element_type=\"widget\" data-widget_type=\"html.default\">\n\t\t\t\t<div class=\"elementor-widget-container\">\n\t\t\t<a href=\"https:\/\/www.escort-galerie.de\/\"  onclick=\"window.open(this.href); return false;\"><img fetchpriority=\"high\" decoding=\"async\" src=\"https:\/\/www.escort-galleries.com\/images\/banner\/banner_72890_1.jpg\" width=\"728\" height=\"90\" alt=\"Escort Galerie\" class=\"notranslate\" \/><\/a>\t\t<\/div>\n\t\t\t\t<\/div>\n\t\t\t\t<div class=\"elementor-element elementor-element-274f94b elementor-widget__width-auto elementor-widget elementor-widget-html\" data-id=\"274f94b\" data-element_type=\"widget\" data-widget_type=\"html.default\">\n\t\t\t\t<div class=\"elementor-widget-container\">\n\t\t\t<a href=\"http:\/\/www.bizarrstudio-elegance.de\" target=\"_blank\" rel=\"noopener\"><img decoding=\"async\" class=\"aligncenter\" src=\"https:\/\/www.bizarrstudio-elegance.de\/assets\/img\/site\/banner-bizarrstudio-elegance.jpg\" alt=\"Bizarr Erotik Studio Elegance - M\u00fcnchen\" width=\"300\" height=\"30\" \/>\n<\/a>\t\t<\/div>\n\t\t\t\t<\/div>\n\t\t\t\t<div class=\"elementor-element elementor-element-8783345 elementor-widget__width-initial elementor-widget elementor-widget-html\" data-id=\"8783345\" data-element_type=\"widget\" data-widget_type=\"html.default\">\n\t\t\t\t<div class=\"elementor-widget-container\">\n\t\t\t<a href=\"https:\/\/openadultdirectory.com\/bdsm\/\"><img decoding=\"async\" src=\"https:\/\/oad-img.com\/omag\/bdsm-lg.jpg\" border=\"0\" alt=\"OpenAdultDirectory  BDSM\/Fetish\"><\/a>\t\t<\/div>\n\t\t\t\t<\/div>\n\t\t\t\t<div class=\"elementor-element elementor-element-942d2fd elementor-align-center elementor-widget elementor-widget-button\" data-id=\"942d2fd\" data-element_type=\"widget\" data-widget_type=\"button.default\">\n\t\t\t\t<div class=\"elementor-widget-container\">\n\t\t\t\t\t<div class=\"elementor-button-wrapper\">\n\t\t\t<a class=\"elementor-button elementor-button-link elementor-size-sm\" href=\"\/en\/tour\/\">\n\t\t\t\t\t\t<span class=\"elementor-button-content-wrapper\">\n\t\t\t\t\t\t\t\t\t<span class=\"elementor-button-text\">To the tour dates<\/span>\n\t\t\t\t\t<\/span>\n\t\t\t\t\t<\/a>\n\t\t<\/div>\n\t\t\t\t<\/div>\n\t\t\t\t<\/div>\n\t\t\t\t\t<\/div>\n\t\t\t\t<\/div>\n\t\t\t\t<\/div>","protected":false},"excerpt":{"rendered":"<p>To the tour dates<\/p>","protected":false},"author":1,"featured_media":0,"parent":0,"menu_order":0,"comment_status":"closed","ping_status":"closed","template":"elementor_header_footer","meta":{"footnotes":""},"class_list":["post-530","page","type-page","status-publish","hentry"],"_links":{"self":[{"href":"https:\/\/misssonya.com\/en\/wp-json\/wp\/v2\/pages\/530","targetHints":{"allow":["GET"]}}],"collection":[{"href":"https:\/\/misssonya.com\/en\/wp-json\/wp\/v2\/pages"}],"about":[{"href":"https:\/\/misssonya.com\/en\/wp-json\/wp\/v2\/types\/page"}],"author":[{"embeddable":true,"href":"https:\/\/misssonya.com\/en\/wp-json\/wp\/v2\/users\/1"}],"replies":[{"embeddable":true,"href":"https:\/\/misssonya.com\/en\/wp-json\/wp\/v2\/comments?post=530"}],"version-history":[{"count":33,"href":"https:\/\/misssonya.com\/en\/wp-json\/wp\/v2\/pages\/530\/revisions"}],"predecessor-version":[{"id":3078,"href":"https:\/\/misssonya.com\/en\/wp-json\/wp\/v2\/pages\/530\/revisions\/3078"}],"wp:attachment":[{"href":"https:\/\/misssonya.com\/en\/wp-json\/wp\/v2\/media?parent=530"}],"curies":[{"name":"wp","href":"https:\/\/api.w.org\/{rel}","templated":true}]}}